{"id":683,"date":"2024-10-14T07:50:17","date_gmt":"2024-10-14T07:50:17","guid":{"rendered":"https:\/\/botanicaresidence.com\/ku%d0%b6i\/"},"modified":"2025-03-01T17:31:01","modified_gmt":"2025-03-01T17:31:01","slug":"pocetna","status":"publish","type":"page","link":"https:\/\/botanicaresidence.com\/sr\/","title":{"rendered":"Po\u010detna"},"content":{"rendered":"","protected":false},"excerpt":{"rendered":"","protected":false},"author":1,"featured_media":0,"parent":0,"menu_order":0,"comment_status":"closed","ping_status":"closed","template":"","meta":{"footnotes":""},"class_list":["post-683","page","type-page","status-publish","hentry"],"yoast_head":"<!-- This site is optimized with the Yoast SEO plugin v26.9 - https:\/\/yoast.com\/product\/yoast-seo-wordpress\/ -->\n<title>Hotel u Beogradu blizu Botani\u010dke Ba\u0161te: Botanica Residence<\/title>\n<meta name=\"description\" content=\"Botanica Residence: Butik hotel u Beogradu, nudi luksuz, mir i odli\u010dnu lokaciju, u neposrednoj blizini \u010duvene Botani\u010dke ba\u0161te.\" \/>\n<meta name=\"robots\" content=\"index, follow, max-snippet:-1, max-image-preview:large, max-video-preview:-1\" \/>\n<link rel=\"canonical\" href=\"https:\/\/botanicaresidence.com\/sr\/\" \/>\n<meta property=\"og:locale\" content=\"sr_RS\" \/>\n<meta property=\"og:type\" content=\"article\" \/>\n<meta property=\"og:title\" content=\"Hotel u Beogradu blizu Botani\u010dke Ba\u0161te: Botanica Residence\" \/>\n<meta property=\"og:description\" content=\"Botanica Residence: Butik hotel u Beogradu, nudi luksuz, mir i odli\u010dnu lokaciju, u neposrednoj blizini \u010duvene Botani\u010dke ba\u0161te.\" \/>\n<meta property=\"og:url\" content=\"https:\/\/botanicaresidence.com\/sr\/\" \/>\n<meta property=\"og:site_name\" content=\"Botanica Residence - Beograd\" \/>\n<meta property=\"article:modified_time\" content=\"2025-03-01T17:31:01+00:00\" \/>\n<meta property=\"og:image\" content=\"https:\/\/botanicaresidence.com\/wp-content\/uploads\/2024\/10\/social-media.jpg\" \/>\n\t<meta property=\"og:image:width\" content=\"1200\" \/>\n\t<meta property=\"og:image:height\" content=\"630\" \/>\n\t<meta property=\"og:image:type\" content=\"image\/jpeg\" \/>\n<meta name=\"twitter:card\" content=\"summary_large_image\" \/>\n<script type=\"application\/ld+json\" class=\"yoast-schema-graph\">{\"@context\":\"https:\/\/schema.org\",\"@graph\":[{\"@type\":\"WebPage\",\"@id\":\"https:\/\/botanicaresidence.com\/sr\/\",\"url\":\"https:\/\/botanicaresidence.com\/sr\/\",\"name\":\"Hotel u Beogradu blizu Botani\u010dke Ba\u0161te: Botanica Residence\",\"isPartOf\":{\"@id\":\"https:\/\/botanicaresidence.com\/sr\/#website\"},\"datePublished\":\"2024-10-14T07:50:17+00:00\",\"dateModified\":\"2025-03-01T17:31:01+00:00\",\"description\":\"Botanica Residence: Butik hotel u Beogradu, nudi luksuz, mir i odli\u010dnu lokaciju, u neposrednoj blizini \u010duvene Botani\u010dke ba\u0161te.\",\"breadcrumb\":{\"@id\":\"https:\/\/botanicaresidence.com\/sr\/#breadcrumb\"},\"inLanguage\":\"sr-RS\",\"potentialAction\":[{\"@type\":\"ReadAction\",\"target\":[\"https:\/\/botanicaresidence.com\/sr\/\"]}]},{\"@type\":\"BreadcrumbList\",\"@id\":\"https:\/\/botanicaresidence.com\/sr\/#breadcrumb\",\"itemListElement\":[{\"@type\":\"ListItem\",\"position\":1,\"name\":\"Home\",\"item\":\"https:\/\/botanicaresidence.com\/sr\/\"},{\"@type\":\"ListItem\",\"position\":2,\"name\":\"Po\u010detna\"}]},{\"@type\":\"WebSite\",\"@id\":\"https:\/\/botanicaresidence.com\/sr\/#website\",\"url\":\"https:\/\/botanicaresidence.com\/sr\/\",\"name\":\"Botanica Residence - Belgrade\",\"description\":\"Gde se butik udobnost susre\u0107e sa \u0161armom Beograda\",\"publisher\":{\"@id\":\"https:\/\/botanicaresidence.com\/sr\/#organization\"},\"potentialAction\":[{\"@type\":\"SearchAction\",\"target\":{\"@type\":\"EntryPoint\",\"urlTemplate\":\"https:\/\/botanicaresidence.com\/sr\/?s={search_term_string}\"},\"query-input\":{\"@type\":\"PropertyValueSpecification\",\"valueRequired\":true,\"valueName\":\"search_term_string\"}}],\"inLanguage\":\"sr-RS\"},{\"@type\":\"Organization\",\"@id\":\"https:\/\/botanicaresidence.com\/sr\/#organization\",\"name\":\"Botanica Residence Belgrade\",\"url\":\"https:\/\/botanicaresidence.com\/sr\/\",\"logo\":{\"@type\":\"ImageObject\",\"inLanguage\":\"sr-RS\",\"@id\":\"https:\/\/botanicaresidence.com\/sr\/#\/schema\/logo\/image\/\",\"url\":\"https:\/\/botanicaresidence.com\/wp-content\/uploads\/2024\/10\/WhatsApp-Image-2024-10-11-at-20.32.59_a8fd0a7f.jpg\",\"contentUrl\":\"https:\/\/botanicaresidence.com\/wp-content\/uploads\/2024\/10\/WhatsApp-Image-2024-10-11-at-20.32.59_a8fd0a7f.jpg\",\"width\":1600,\"height\":906,\"caption\":\"Botanica Residence Belgrade\"},\"image\":{\"@id\":\"https:\/\/botanicaresidence.com\/sr\/#\/schema\/logo\/image\/\"}}]}<\/script>\n<!-- \/ Yoast SEO plugin. -->","yoast_head_json":{"title":"Hotel u Beogradu blizu Botani\u010dke Ba\u0161te: Botanica Residence","description":"Botanica Residence: Butik hotel u Beogradu, nudi luksuz, mir i odli\u010dnu lokaciju, u neposrednoj blizini \u010duvene Botani\u010dke ba\u0161te.","robots":{"index":"index","follow":"follow","max-snippet":"max-snippet:-1","max-image-preview":"max-image-preview:large","max-video-preview":"max-video-preview:-1"},"canonical":"https:\/\/botanicaresidence.com\/sr\/","og_locale":"sr_RS","og_type":"article","og_title":"Hotel u Beogradu blizu Botani\u010dke Ba\u0161te: Botanica Residence","og_description":"Botanica Residence: Butik hotel u Beogradu, nudi luksuz, mir i odli\u010dnu lokaciju, u neposrednoj blizini \u010duvene Botani\u010dke ba\u0161te.","og_url":"https:\/\/botanicaresidence.com\/sr\/","og_site_name":"Botanica Residence - Beograd","article_modified_time":"2025-03-01T17:31:01+00:00","og_image":[{"width":1200,"height":630,"url":"https:\/\/botanicaresidence.com\/wp-content\/uploads\/2024\/10\/social-media.jpg","type":"image\/jpeg"}],"twitter_card":"summary_large_image","schema":{"@context":"https:\/\/schema.org","@graph":[{"@type":"WebPage","@id":"https:\/\/botanicaresidence.com\/sr\/","url":"https:\/\/botanicaresidence.com\/sr\/","name":"Hotel u Beogradu blizu Botani\u010dke Ba\u0161te: Botanica Residence","isPartOf":{"@id":"https:\/\/botanicaresidence.com\/sr\/#website"},"datePublished":"2024-10-14T07:50:17+00:00","dateModified":"2025-03-01T17:31:01+00:00","description":"Botanica Residence: Butik hotel u Beogradu, nudi luksuz, mir i odli\u010dnu lokaciju, u neposrednoj blizini \u010duvene Botani\u010dke ba\u0161te.","breadcrumb":{"@id":"https:\/\/botanicaresidence.com\/sr\/#breadcrumb"},"inLanguage":"sr-RS","potentialAction":[{"@type":"ReadAction","target":["https:\/\/botanicaresidence.com\/sr\/"]}]},{"@type":"BreadcrumbList","@id":"https:\/\/botanicaresidence.com\/sr\/#breadcrumb","itemListElement":[{"@type":"ListItem","position":1,"name":"Home","item":"https:\/\/botanicaresidence.com\/sr\/"},{"@type":"ListItem","position":2,"name":"Po\u010detna"}]},{"@type":"WebSite","@id":"https:\/\/botanicaresidence.com\/sr\/#website","url":"https:\/\/botanicaresidence.com\/sr\/","name":"Botanica Residence - Belgrade","description":"Gde se butik udobnost susre\u0107e sa \u0161armom Beograda","publisher":{"@id":"https:\/\/botanicaresidence.com\/sr\/#organization"},"potentialAction":[{"@type":"SearchAction","target":{"@type":"EntryPoint","urlTemplate":"https:\/\/botanicaresidence.com\/sr\/?s={search_term_string}"},"query-input":{"@type":"PropertyValueSpecification","valueRequired":true,"valueName":"search_term_string"}}],"inLanguage":"sr-RS"},{"@type":"Organization","@id":"https:\/\/botanicaresidence.com\/sr\/#organization","name":"Botanica Residence Belgrade","url":"https:\/\/botanicaresidence.com\/sr\/","logo":{"@type":"ImageObject","inLanguage":"sr-RS","@id":"https:\/\/botanicaresidence.com\/sr\/#\/schema\/logo\/image\/","url":"https:\/\/botanicaresidence.com\/wp-content\/uploads\/2024\/10\/WhatsApp-Image-2024-10-11-at-20.32.59_a8fd0a7f.jpg","contentUrl":"https:\/\/botanicaresidence.com\/wp-content\/uploads\/2024\/10\/WhatsApp-Image-2024-10-11-at-20.32.59_a8fd0a7f.jpg","width":1600,"height":906,"caption":"Botanica Residence Belgrade"},"image":{"@id":"https:\/\/botanicaresidence.com\/sr\/#\/schema\/logo\/image\/"}}]}},"_links":{"self":[{"href":"https:\/\/botanicaresidence.com\/sr\/wp-json\/wp\/v2\/pages\/683","targetHints":{"allow":["GET"]}}],"collection":[{"href":"https:\/\/botanicaresidence.com\/sr\/wp-json\/wp\/v2\/pages"}],"about":[{"href":"https:\/\/botanicaresidence.com\/sr\/wp-json\/wp\/v2\/types\/page"}],"author":[{"embeddable":true,"href":"https:\/\/botanicaresidence.com\/sr\/wp-json\/wp\/v2\/users\/1"}],"replies":[{"embeddable":true,"href":"https:\/\/botanicaresidence.com\/sr\/wp-json\/wp\/v2\/comments?post=683"}],"version-history":[{"count":1,"href":"https:\/\/botanicaresidence.com\/sr\/wp-json\/wp\/v2\/pages\/683\/revisions"}],"predecessor-version":[{"id":684,"href":"https:\/\/botanicaresidence.com\/sr\/wp-json\/wp\/v2\/pages\/683\/revisions\/684"}],"wp:attachment":[{"href":"https:\/\/botanicaresidence.com\/sr\/wp-json\/wp\/v2\/media?parent=683"}],"curies":[{"name":"wp","href":"https:\/\/api.w.org\/{rel}","templated":true}]}}